{"id":32,"date":"2021-03-14T20:03:22","date_gmt":"2021-03-14T20:03:22","guid":{"rendered":"https:\/\/praxisbrenzikofer.ch\/?page_id=32"},"modified":"2025-06-11T07:50:57","modified_gmt":"2025-06-11T07:50:57","slug":"kontakt","status":"publish","type":"page","link":"https:\/\/praxisbrenzikofer.ch\/?page_id=32","title":{"rendered":"Kontakt"},"content":{"rendered":"\n<p>Charlotte Brenzikofer<br>Gemeinschaftspraxis Gartenstrasse<br>Gartenstrasse 36<br>8002 Z\u00fcrich<\/p>\n\n\n\n<p>044 500 22 36<\/p>\n\n\n\n<p><a href=\"mailto:info@praxisbrenzikofer.ch\">info@praxisbrenzikofer.ch<\/a><\/p>\n\n\n\n<figure class=\"wp-block-image size-large\"><img loading=\"lazy\" decoding=\"async\" width=\"611\" height=\"408\" src=\"https:\/\/praxisbrenzikofer.ch\/wp-content\/uploads\/2021\/03\/Bild-im-Zentrum-klein.jpg\" alt=\"\" class=\"wp-image-53\"\/><\/figure>\n\n\n\n<p>Meine Praxis befindet sich im Herzen der Stadt Z\u00fcrich zwischen Paradeplatz und Bahnhof Enge an der Gartenstrasse 36. Bitte klingeln Sie bei der Gemeinschaftspraxis Gartenstrasse und kommen Sie in den 1. Stock (Lift vorhanden). Das Haus ist 300m von der Tramstation \u00abStockerstrasse\u00bb entfernt (Tram Linien 7, 8, 10 und 13, vier Minuten vom Z\u00fcrcher Hauptbahnhof).<\/p>\n\n\n\n<p>Parkpl\u00e4tze befinden sich direkt gegen\u00fcber vom Haus (geb\u00fchrenpflichtig).<\/p>\n\n\n\n<p>Ich arbeite jeweils dienstags und mittwochs in der Praxis.<\/p>\n\n\n\n<p><\/p>\n\n\n\n<figure class=\"wp-block-image size-large\"><img loading=\"lazy\" decoding=\"async\" width=\"611\" height=\"408\" src=\"https:\/\/praxisbrenzikofer.ch\/wp-content\/uploads\/2021\/03\/Vogelperpektive-mit-Gong-klein.jpg\" alt=\"\" class=\"wp-image-54\"\/><\/figure>\n\n\n\n<p>F\u00fcr eine Terminvereinbarung k\u00f6nnen Sie mich gerne anrufen oder mir eine Email schreiben.<\/p>\n\n\n\n<p>Ich freue mich auf Sie.<\/p>\n\n\n\n<h2 class=\"wp-block-heading\">F\u00fcr Notf\u00e4lle<\/h2>\n\n\n\n<p>Wenn sie sich in einer akuten Notsituation befinden und mich nicht erreichen, wenden Sie sich bitte an folgende Stellen (rund um die Uhr offen):<\/p>\n\n\n\n<ul class=\"wp-block-list\">\n<li>Die dargebotene Hand, Telefonnummer 143, <a href=\"http:\/\/www.143.ch\/\">www.143.ch<\/a><\/li>\n\n\n\n<li>Notfallpsychiater*in der Stadt Z\u00fcrich 044 421 21 21<\/li>\n\n\n\n<li>KIZ Kriseninterventionsstelle der psychiatrischen Universtit\u00e4tsklinik Z\u00fcrich, Telefonnummer 044 296 73 10, <a href=\"http:\/\/www.pukzh.ch\/unsere-angebote\/erwachsenenpsychiatrie\/angebote\/stationaere-\">www.pukzh.ch<\/a><\/li>\n<\/ul>\n","protected":false},"excerpt":{"rendered":"<p>Charlotte BrenzikoferGemeinschaftspraxis GartenstrasseGartenstrasse 368002 Z\u00fcrich 044 500 22 36 info@praxisbrenzikofer.ch Meine Praxis befindet sich im Herzen der Stadt Z\u00fcrich zwischen Paradeplatz und Bahnhof Enge an der Gartenstrasse 36. Bitte klingeln Sie bei der Gemeinschaftspraxis Gartenstrasse und kommen Sie in den 1. Stock (Lift vorhanden). Das Haus ist 300m von der Tramstation \u00abStockerstrasse\u00bb entfernt (Tram Linien [&hellip;]<\/p>\n","protected":false},"author":1,"featured_media":0,"parent":0,"menu_order":0,"comment_status":"closed","ping_status":"closed","template":"","meta":{"footnotes":""},"class_list":["post-32","page","type-page","status-publish","hentry"],"_links":{"self":[{"href":"https:\/\/praxisbrenzikofer.ch\/index.php?rest_route=\/wp\/v2\/pages\/32","targetHints":{"allow":["GET"]}}],"collection":[{"href":"https:\/\/praxisbrenzikofer.ch\/index.php?rest_route=\/wp\/v2\/pages"}],"about":[{"href":"https:\/\/praxisbrenzikofer.ch\/index.php?rest_route=\/wp\/v2\/types\/page"}],"author":[{"embeddable":true,"href":"https:\/\/praxisbrenzikofer.ch\/index.php?rest_route=\/wp\/v2\/users\/1"}],"replies":[{"embeddable":true,"href":"https:\/\/praxisbrenzikofer.ch\/index.php?rest_route=%2Fwp%2Fv2%2Fcomments&post=32"}],"version-history":[{"count":13,"href":"https:\/\/praxisbrenzikofer.ch\/index.php?rest_route=\/wp\/v2\/pages\/32\/revisions"}],"predecessor-version":[{"id":147,"href":"https:\/\/praxisbrenzikofer.ch\/index.php?rest_route=\/wp\/v2\/pages\/32\/revisions\/147"}],"wp:attachment":[{"href":"https:\/\/praxisbrenzikofer.ch\/index.php?rest_route=%2Fwp%2Fv2%2Fmedia&parent=32"}],"curies":[{"name":"wp","href":"https:\/\/api.w.org\/{rel}","templated":true}]}}