{"id":22,"date":"2021-03-14T19:57:08","date_gmt":"2021-03-14T19:57:08","guid":{"rendered":"https:\/\/praxisbrenzikofer.ch\/?page_id=22"},"modified":"2025-06-11T07:53:09","modified_gmt":"2025-06-11T07:53:09","slug":"ueber-mich","status":"publish","type":"page","link":"https:\/\/praxisbrenzikofer.ch\/?page_id=22","title":{"rendered":"\u00dcber mich"},"content":{"rendered":"\n<figure class=\"wp-block-image size-large\"><img loading=\"lazy\" decoding=\"async\" width=\"1200\" height=\"800\" src=\"https:\/\/praxisbrenzikofer.ch\/wp-content\/uploads\/2021\/03\/Charlotte_Portrait_web.jpg\" alt=\"\" class=\"wp-image-74\"\/><\/figure>\n\n\n\n<p>Charlotte Brenzikofer<br>lic.phil.<br>eidgen\u00f6ssisch anerkannte Psychotherapeutin,<br>Psychologin FSP<\/p>\n\n\n\n<h2 class=\"wp-block-heading\">Ausbildung<\/h2>\n\n\n\n<ul class=\"wp-block-list\">\n<li>2006 \u2013 2011 Ausbildung zur klinischen Gestalttherapeutin am Institut f\u00fcr Integrative Gestalttherapie IGW in Z\u00fcrich<\/li>\n\n\n\n<li>2000 \u2013 2006 Studium der Psychologie an der Universit\u00e4t Z\u00fcrich, Schwerpunkt klinische Psychologie, Psychotherapie und Psychoanalyse, Nebenf\u00e4cher: Psychopathologie des Kindes- und Jugendalters und Kriminologie<\/li>\n<\/ul>\n\n\n\n<h2 class=\"wp-block-heading\">Fortbildungen<\/h2>\n\n\n\n<p>Kontinuierliche Fortbildungen, u.a.<\/p>\n\n\n\n<ul class=\"wp-block-list\">\n<li>Traumatherapie: \n<ul class=\"wp-block-list\">\n<li>Somatic Experiencing Practitioner (nach Peter Levine)<\/li>\n\n\n\n<li>EMI \u2013 Eye Movement Integration<\/li>\n\n\n\n<li>Imaginationstechniken nach Louise Reddemann<\/li>\n<\/ul>\n<\/li>\n\n\n\n<li>Spirituelle Psychotherapie<\/li>\n\n\n\n<li>Arbeit mit inneren Anteilen (Egostates)<\/li>\n\n\n\n<li>K\u00f6rperpsychotherapie (IBP)<\/li>\n\n\n\n<li>systematische Entspannungsverfahren (Autogenes Training, Progressive Muskelrelaxation PMR, achtsamkeitsbasierte Entspannungsverfahren)<\/li>\n\n\n\n<li>Schematherapie<\/li>\n\n\n\n<li>gewaltfreie Kommunikation<\/li>\n\n\n\n<li>NLP<\/li>\n<\/ul>\n\n\n\n<h2 class=\"wp-block-heading\">Berufserfahrung<\/h2>\n\n\n\n<ul class=\"wp-block-list\">\n<li>seit 2020 eigene Praxis f\u00fcr Psychotherapie und Coaching in Z\u00fcrich<\/li>\n\n\n\n<li>2010-2020 Psychotherapeutin im ambulanten Bereich (Ambulatorium Klinik Sch\u00fctzen, Aarau)<\/li>\n\n\n\n<li>2007-2010 Psychotherapeutin und Einzelentspannungstherapeutin im station\u00e4ren Bereich (Klinik Sch\u00fctzen, Abteilung f\u00fcr individuelle Psychotherapie, Schwerpunkt Burnoutsyndrom, Rheinfelden)<\/li>\n\n\n\n<li>2004 Psychologin und Betreuerin in der Soteria Bern (Milieutherapeutische Einrichtung f\u00fcr Jugendliche und junge Erwachsene mit akut psychotischen Erkrankungen)<\/li>\n<\/ul>\n\n\n\n<p>Ich habe in all den Jahren viel Erfahrung gesammelt in der psychotherapeutischen Begleitung von Menschen mit ganz verschiedenen seelischen Erkrankungen und schwierigen Lebenssituationen.<\/p>\n\n\n\n<h2 class=\"wp-block-heading\">Qualit\u00e4tssicherung<\/h2>\n\n\n\n<p>Verpflichtung gegen\u00fcber den ethischen Richtlinien des Berufsverbandes FSP<\/p>\n\n\n\n<p>Kritische Reflexion der Therapieprozesse sowie meiner Rolle als Therapeutin und Beraterin im Rahmen von Intervision und Supervision<\/p>\n\n\n\n<p>Kontinuierliche Weiterbildung und interdisziplin\u00e4rer Fachdiskurs (Lehrg\u00e4nge, Tagungen, Workshops und wissenschaftliche Publikationen)<\/p>\n\n\n\n<p>Liebevolle Selbstf\u00fcrsorge, Pers\u00f6nlichkeitsentwicklung und Selbsterfahrung im Hinblick auf eigene Bed\u00fcrfnisse, Ressourcen und Grenzen<\/p>\n\n\n\n<p>Kultivierung von Bewusstsein und Pr\u00e4senz (u.a. Meditation, Yoga und Tanzen)<\/p>\n\n\n\n<h2 class=\"wp-block-heading\">Mitgliedschaften<\/h2>\n\n\n\n<p>F\u00f6deration der Schweizer Psychologen und Psychologinnen (FSP)<\/p>\n\n\n\n<p>Kantonalverband f\u00fcr Z\u00fcrcher Psychologen und Psychologinnen (Z\u00dcPP)<\/p>\n\n\n\n<h2 class=\"wp-block-heading\">Privat<\/h2>\n\n\n\n<p>Ich bin 1979 geboren und lebe mit meinem Mann und unseren zwei Kindern in Z\u00fcrich.<\/p>\n","protected":false},"excerpt":{"rendered":"<p>Charlotte Brenzikoferlic.phil.eidgen\u00f6ssisch anerkannte Psychotherapeutin,Psychologin FSP Ausbildung Fortbildungen Kontinuierliche Fortbildungen, u.a. Berufserfahrung Ich habe in all den Jahren viel Erfahrung gesammelt in der psychotherapeutischen Begleitung von Menschen mit ganz verschiedenen seelischen Erkrankungen und schwierigen Lebenssituationen. Qualit\u00e4tssicherung Verpflichtung gegen\u00fcber den ethischen Richtlinien des Berufsverbandes FSP Kritische Reflexion der Therapieprozesse sowie meiner Rolle als Therapeutin und Beraterin im [&hellip;]<\/p>\n","protected":false},"author":1,"featured_media":0,"parent":0,"menu_order":0,"comment_status":"closed","ping_status":"closed","template":"","meta":{"footnotes":""},"class_list":["post-22","page","type-page","status-publish","hentry"],"_links":{"self":[{"href":"https:\/\/praxisbrenzikofer.ch\/index.php?rest_route=\/wp\/v2\/pages\/22","targetHints":{"allow":["GET"]}}],"collection":[{"href":"https:\/\/praxisbrenzikofer.ch\/index.php?rest_route=\/wp\/v2\/pages"}],"about":[{"href":"https:\/\/praxisbrenzikofer.ch\/index.php?rest_route=\/wp\/v2\/types\/page"}],"author":[{"embeddable":true,"href":"https:\/\/praxisbrenzikofer.ch\/index.php?rest_route=\/wp\/v2\/users\/1"}],"replies":[{"embeddable":true,"href":"https:\/\/praxisbrenzikofer.ch\/index.php?rest_route=%2Fwp%2Fv2%2Fcomments&post=22"}],"version-history":[{"count":11,"href":"https:\/\/praxisbrenzikofer.ch\/index.php?rest_route=\/wp\/v2\/pages\/22\/revisions"}],"predecessor-version":[{"id":149,"href":"https:\/\/praxisbrenzikofer.ch\/index.php?rest_route=\/wp\/v2\/pages\/22\/revisions\/149"}],"wp:attachment":[{"href":"https:\/\/praxisbrenzikofer.ch\/index.php?rest_route=%2Fwp%2Fv2%2Fmedia&parent=22"}],"curies":[{"name":"wp","href":"https:\/\/api.w.org\/{rel}","templated":true}]}}