{"id":16,"date":"2021-03-14T19:54:14","date_gmt":"2021-03-14T19:54:14","guid":{"rendered":"https:\/\/praxisbrenzikofer.ch\/?page_id=16"},"modified":"2023-09-18T13:36:15","modified_gmt":"2023-09-18T13:36:15","slug":"coaching","status":"publish","type":"page","link":"https:\/\/praxisbrenzikofer.ch\/?page_id=16","title":{"rendered":"Pers\u00f6nlichkeitsentwicklung &#8211; psychologische Beratung"},"content":{"rendered":"\n<p>Psychologische Beratung ist eine spezifische Beratungsform, in der Methoden, die urspr\u00fcnglich f\u00fcr die Psychotherapie entwickelt wurden, in Bezug auf einen Themenbereich wirksam eingesetzt werden. Es geht darum, sich selbst besser kennenzulernen und sich in seiner Pers\u00f6nlichkeit zu entwickeln, zu wachsen. Im Zentrum des Beratungsprozesses stehen Sie und das Thema, bei dem Sie Ver\u00e4nderung w\u00fcnschen. Zentral ist, dass Sie wieder einen Zugang zu Ihren Kr\u00e4ften und F\u00e4higkeiten sp\u00fcren, sich in sich selbst zentrieren und verankern k\u00f6nnen, damit Sie sich in herausfordernden Situationen von Ihrem inneren Kompass leiten lassen k\u00f6nnen.<\/p>\n\n\n\n<p>Wenn Sie in einem Lebensbereich Probleme haben, bei denen Sie nicht weiter kommen oder bei denen Sie sich weiterentwickeln m\u00f6chten, kann Ihnen eine psychologische Beratung bei Ihrer Entfaltung dienlich sein, zum Beispiel:<\/p>\n\n\n\n<ul class=\"wp-block-list\">\n<li>bei schwierigen Situationen in der Arbeit<\/li>\n\n\n\n<li>bei belastenden Verstrickungen oder Konflikten in der Familie<\/li>\n\n\n\n<li>bei Problemen in der Partnerschaft<\/li>\n\n\n\n<li>bei Trennungs- oder Scheidungssituationen<\/li>\n\n\n\n<li>bei Schwierigkeiten im Zusammenhang mit Kinderwunsch und Schwangerschaft<\/li>\n\n\n\n<li>bei Verlust eines nahestehenden Menschen<\/li>\n\n\n\n<li>bei Lebenskrisen und -\u00fcberg\u00e4ngen<\/li>\n\n\n\n<li>bei Konfrontation mit schweren Erkrankungen<\/li>\n<\/ul>\n\n\n\n<p>Dabei unterst\u00fctze ich Sie, Klarheit zu gewinnen, Ihre Ressourcen zu aktivieren damit Sie passende L\u00f6sungswege f\u00fcr Ihre Situation entwickeln k\u00f6nnen. <\/p>\n","protected":false},"excerpt":{"rendered":"<p>Psychologische Beratung ist eine spezifische Beratungsform, in der Methoden, die urspr\u00fcnglich f\u00fcr die Psychotherapie entwickelt wurden, in Bezug auf einen Themenbereich wirksam eingesetzt werden. Es geht darum, sich selbst besser kennenzulernen und sich in seiner Pers\u00f6nlichkeit zu entwickeln, zu wachsen. Im Zentrum des Beratungsprozesses stehen Sie und das Thema, bei dem Sie Ver\u00e4nderung w\u00fcnschen. Zentral [&hellip;]<\/p>\n","protected":false},"author":1,"featured_media":0,"parent":0,"menu_order":0,"comment_status":"closed","ping_status":"closed","template":"","meta":{"footnotes":""},"class_list":["post-16","page","type-page","status-publish","hentry"],"_links":{"self":[{"href":"https:\/\/praxisbrenzikofer.ch\/index.php?rest_route=\/wp\/v2\/pages\/16","targetHints":{"allow":["GET"]}}],"collection":[{"href":"https:\/\/praxisbrenzikofer.ch\/index.php?rest_route=\/wp\/v2\/pages"}],"about":[{"href":"https:\/\/praxisbrenzikofer.ch\/index.php?rest_route=\/wp\/v2\/types\/page"}],"author":[{"embeddable":true,"href":"https:\/\/praxisbrenzikofer.ch\/index.php?rest_route=\/wp\/v2\/users\/1"}],"replies":[{"embeddable":true,"href":"https:\/\/praxisbrenzikofer.ch\/index.php?rest_route=%2Fwp%2Fv2%2Fcomments&post=16"}],"version-history":[{"count":2,"href":"https:\/\/praxisbrenzikofer.ch\/index.php?rest_route=\/wp\/v2\/pages\/16\/revisions"}],"predecessor-version":[{"id":135,"href":"https:\/\/praxisbrenzikofer.ch\/index.php?rest_route=\/wp\/v2\/pages\/16\/revisions\/135"}],"wp:attachment":[{"href":"https:\/\/praxisbrenzikofer.ch\/index.php?rest_route=%2Fwp%2Fv2%2Fmedia&parent=16"}],"curies":[{"name":"wp","href":"https:\/\/api.w.org\/{rel}","templated":true}]}}